{"id":4444,"date":"2021-11-26T10:48:42","date_gmt":"2021-11-26T09:48:42","guid":{"rendered":"https:\/\/hypnosis.dynamite.ch\/legal-disclosure\/"},"modified":"2025-12-28T16:40:28","modified_gmt":"2025-12-28T15:40:28","slug":"legal-disclosure","status":"publish","type":"page","link":"https:\/\/www.the-fine-art-of-hypnosis.ch\/en\/legal-disclosure\/","title":{"rendered":"Legal Disclosure"},"content":{"rendered":"<div class=\"wpb-content-wrapper\"><p>[vc_row content_placement=&#8221;middle&#8221; css=&#8221;.vc_custom_1634283821612{padding-top: 20px !important;padding-bottom: 40px !important;}&#8221;][vc_column]<div class=\"mkdf-elements-holder   mkdf-one-column  mkdf-responsive-mode-768 \" ><div class=\"mkdf-eh-item    \"  data-item-class=\"mkdf-eh-custom-7399\" data-1280-1600=\"0 21%\" data-1024-1280=\"0 15%\" data-768-1024=\"0 0\" data-680-768=\"0 0\" data-680=\"0 0\">\n\t\t<div class=\"mkdf-eh-item-inner\">\n\t\t<div class=\"mkdf-eh-item-content mkdf-eh-custom-7399\" style=\"padding: 0px 10%\">\n\t\t\t<div class=\"mkdf-section-title-holder  mkdf-st-standard mkdf-st-title-left mkdf-st-normal-space \" style=\"text-align: center\">\n\t<div class=\"mkdf-st-inner\">\n\t\t<svg version=\"1.1\" \n\t\t\t\tclass=\"mkdf-animated-svg\" \n\t\t\t\tid=\"mkdf-animated-svg-711\"\n\t\t\t\txmlns=\"http:\/\/www.w3.org\/2000\/svg\" xmlns:xlink=\"http:\/\/www.w3.org\/1999\/xlink\"\n\t\t\t\tx=\"0px\"\n\t\t\t\ty=\"0px\" \n\t\t\t\twidth=\"49px\" \n\t\t\t\theight=\"49px\" \n\t\t\t\tviewBox=\"0 0 49 49\" \n\t\t\t\tenable-background=\"new 0 0 49 49\" \n\t\t\t\txml:space=\"preserve\"><path xmlns=\"http:\/\/www.w3.org\/2000\/svg\" fill=\"none\" stroke=\"#D5B981\" stroke-width=\"1.75\" stroke-linecap=\"round\" stroke-miterlimit=\"10\" d=\"M20.365,25.008   c0,0-2.723,1.645-4.163,4.133c-1.439,2.49-0.817,4.824-0.7,5.719c0.116,0.896-0.156,2.296,0.428,4.086s3.151,4.941,5.797,6.458   c2.912,1.671,3.242,3.661,3.272,3.657c0.03-0.002,0.36-1.98,3.273-3.651c2.646-1.517,5.212-4.67,5.797-6.458   c0.582-1.79,0.31-3.19,0.427-4.086c0.115-0.895,0.739-3.229-0.701-5.719c-1.438-2.49-4.159-4.013-4.163-4.145   s2.725-1.653,4.163-4.143c1.44-2.491,0.816-4.825,0.701-5.72c-0.117-0.895,0.155-2.296-0.427-4.084   c-0.585-1.791-3.151-4.942-5.797-6.458c-2.913-1.67-3.226-3.66-3.273-3.658c-0.049,0.002-0.36,1.992-3.272,3.662   c-2.646,1.518-5.213,4.669-5.797,6.458c-0.583,1.791-0.312,3.19-0.428,4.085c-0.117,0.895-0.739,3.229,0.7,5.719   C17.642,23.355,20.365,25.008,20.365,25.008\" class=\"RMNQAmVi_0\"\/>\n<path xmlns=\"http:\/\/www.w3.org\/2000\/svg\" fill=\"none\" stroke=\"#D5B981\" stroke-width=\"1.75\" stroke-linecap=\"round\" stroke-miterlimit=\"10\" d=\"M21.728,28.282   c0,0-0.763,3.09-0.021,5.866c0.743,2.78,2.833,3.989,3.549,4.539c0.715,0.552,1.513,1.734,3.19,2.588   c1.681,0.854,5.723,1.264,8.667,0.468c3.239-0.878,4.816,0.356,4.898,0.271c0.082-0.084-1.146-1.655-0.269-4.896   c0.799-2.943,0.386-6.988-0.467-8.667c-0.853-1.678-2.035-2.475-2.587-3.19c-0.55-0.716-1.76-2.807-4.538-3.549   c-2.779-0.743-5.779,0.104-5.874,0.012c-0.098-0.09,0.755-3.094,0.014-5.873c-0.743-2.778-2.834-3.989-3.55-4.539   c-0.715-0.55-1.513-1.733-3.19-2.585c-1.678-0.854-5.723-1.267-8.667-0.469c-3.24,0.878-4.867-0.308-4.899-0.272   C7.936,8.041,9.139,9.65,8.261,12.891c-0.798,2.943-0.385,6.987,0.468,8.666c0.853,1.677,2.035,2.475,2.586,3.19   c0.55,0.716,1.76,2.807,4.539,3.549C18.633,29.039,21.728,28.282,21.728,28.282\" class=\"RMNQAmVi_1\"\/>\n<path xmlns=\"http:\/\/www.w3.org\/2000\/svg\" fill=\"none\" stroke=\"#D5B981\" stroke-width=\"1.75\" stroke-linecap=\"round\" stroke-miterlimit=\"10\" d=\"M25.007,29.638   c0,0,1.644,2.724,4.134,4.162c2.49,1.44,4.824,0.817,5.719,0.7s2.295,0.157,4.084-0.427c1.791-0.584,4.942-3.151,6.46-5.798   c1.669-2.912,3.659-3.242,3.657-3.273c-0.004-0.028-1.982-0.359-3.651-3.271c-1.518-2.646-4.669-5.213-6.46-5.797   c-1.789-0.583-3.189-0.312-4.084-0.427c-0.895-0.118-3.23-0.74-5.719,0.701c-2.49,1.438-4.014,4.159-4.146,4.162   c-0.132,0.003-1.654-2.724-4.144-4.162c-2.49-1.44-4.825-0.818-5.719-0.701c-0.895,0.117-2.295-0.156-4.085,0.427   c-1.79,0.583-4.941,3.151-6.458,5.798c-1.671,2.911-3.66,3.224-3.658,3.271c0.002,0.049,1.992,0.361,3.663,3.273   c1.517,2.646,4.668,5.214,6.458,5.798c1.79,0.584,3.19,0.312,4.085,0.427c0.895,0.117,3.229,0.74,5.719-0.7   C23.354,32.361,25.007,29.638,25.007,29.638\" class=\"RMNQAmVi_2\"\/>\n<path xmlns=\"http:\/\/www.w3.org\/2000\/svg\" fill=\"none\" stroke=\"#D5B981\" stroke-width=\"1.75\" stroke-linecap=\"round\" stroke-miterlimit=\"10\" d=\"M28.281,28.275   c0,0,3.089,0.762,5.866,0.021c2.78-0.744,3.99-2.834,4.54-3.55c0.55-0.714,1.734-1.512,2.587-3.19   c0.853-1.679,1.264-5.722,0.467-8.666c-0.877-3.24,0.311-4.853,0.272-4.9c-0.038-0.047-1.655,1.146-4.896,0.268   c-2.942-0.798-6.987-0.385-8.665,0.469c-1.678,0.853-2.477,2.035-3.191,2.585c-0.716,0.549-2.806,1.761-3.549,4.539   c-0.743,2.779,0.104,5.779,0.013,5.874c-0.091,0.095-3.095-0.756-5.874-0.013c-2.778,0.742-3.989,2.833-4.539,3.55   c-0.55,0.713-1.733,1.513-2.586,3.19c-0.853,1.677-1.266,5.722-0.468,8.665c0.878,3.24-0.391,4.778-0.272,4.899   c0.119,0.123,1.664-1.153,4.904-0.275c2.943,0.798,6.988,0.386,8.666-0.468c1.678-0.852,2.476-2.036,3.191-2.586   c0.715-0.551,2.805-1.761,3.55-4.539C29.038,31.37,28.281,28.275,28.281,28.275\" class=\"RMNQAmVi_3\"\/><\/svg>\n\t\t\t\t\t<div class=\"mkdf-separator-holder clearfix\">\n\t\t\t\t<div class=\"mkdf-separator\"><\/div>\n\t\t\t<\/div>\n\t\t\t\t\t\t\t<h2 class=\"mkdf-st-title\" >\n\t\t\t\tLegal Disclosure\t\t\t<\/h2>\n\t\t\t\t\t<\/div>\n<\/div>\t\t<\/div>\n\t<\/div>\n<\/div><\/div>[\/vc_column][\/vc_row][vc_row][vc_column width=&#8221;1\/2&#8243;]<div class=\"mkdf-elements-holder   mkdf-one-column  mkdf-responsive-mode-768 \" ><div class=\"mkdf-eh-item    \"  data-item-class=\"mkdf-eh-custom-1266\">\n\t\t<div class=\"mkdf-eh-item-inner\">\n\t\t<div class=\"mkdf-eh-item-content mkdf-eh-custom-1266\" >\n\t\t\t[vc_column_text css=&#8221;&#8221;]<\/p>\n<h3><strong>Proprietor<\/strong><\/h3>\n<p><strong>The fine Art of Hypnosis<\/strong><\/p>\n<p><strong>Jacqueline Erb<\/strong><br \/>\nErb Kommunikation (sole proprietorship)<br \/>\nFreie Strasse 20<br \/>\nCH-4001 Basel<br \/>\nT <strong><a href=\"tel:+41612620039\">061 262 00 39<\/a><\/strong><br \/>\n<strong><a title=\"hypnose@erbkommunikation.ch\" href=\"mailto:hypnose@erbkommunikation.ch\">hypnose(at)erbkommunikation.ch<\/a><\/strong><br \/>\n<strong><a title=\"www.the-fine-art-of-hypnosis.ch\/en\" href=\"https:\/\/www.the-fine-art-of-hypnosis.ch\/en\/privacy-policy\/\" target=\"_blank\" rel=\"noopener\">www.the-fine-art-of-hypnosis.ch\/en<\/a><\/strong>[\/vc_column_text]\t\t<\/div>\n\t<\/div>\n<\/div><\/div>[\/vc_column][vc_column width=&#8221;1\/2&#8243;]<div class=\"mkdf-elements-holder   mkdf-one-column  mkdf-responsive-mode-768 \" ><div class=\"mkdf-eh-item    \"  data-item-class=\"mkdf-eh-custom-7172\">\n\t\t<div class=\"mkdf-eh-item-inner\">\n\t\t<div class=\"mkdf-eh-item-content mkdf-eh-custom-7172\" >\n\t\t\t[vc_column_text css=&#8221;&#8221;]<\/p>\n<h3><strong>Website Konzeption &amp; Umsetzung<\/strong><\/h3>\n<p><a href=\"https:\/\/dynamite.ch\/\" target=\"_blank\" rel=\"noopener\"><strong>Dynamite AG<\/strong><\/a><br \/>\nAllmendstrasse 11 | 6312 Steinhausen | Switzerland<\/p>\n<p><strong>photos<br \/>\n<\/strong><a title=\"https:\/\/www.nadinebitterli.ch\" href=\"https:\/\/www.nadinebitterli.ch\/\" target=\"_blank\" rel=\"noopener\"><strong>Nadine Bitterli:<\/strong><\/a> Homepage (Head), Lantern<br \/>\n<strong><a href=\"https:\/\/santschifilms.ch\/\" target=\"_blank\" rel=\"noopener\">SANTSCHi Films<\/a><\/strong> (Homepage, Portrait)[\/vc_column_text]\t\t<\/div>\n\t<\/div>\n<\/div><\/div>[\/vc_column][\/vc_row][vc_row css=&#8221;.vc_custom_1634283840223{padding-top: 50px !important;padding-bottom: 50px !important;}&#8221;][vc_column]<div class=\"mkdf-elements-holder   mkdf-one-column  mkdf-responsive-mode-768 \" ><div class=\"mkdf-eh-item    \"  data-item-class=\"mkdf-eh-custom-5790\">\n\t\t<div class=\"mkdf-eh-item-inner\">\n\t\t<div class=\"mkdf-eh-item-content mkdf-eh-custom-5790\" >\n\t\t\t[vc_column_text]<\/p>\n<h3><strong>Data protection<\/strong><\/h3>\n<p>Information on data protection can be found in our <strong><a title=\"https:\/\/www.the-fine-art-of-hypnosis.ch\/j\/privacy\" href=\"https:\/\/www.the-fine-art-of-hypnosis.ch\/en\/privacy-policy\/\" target=\"_blank\" rel=\"noopener\">Privacy policy.<\/a><\/strong><\/p>\n<p>&nbsp;<\/p>\n<h3><strong>Haftungsausschluss<\/strong><\/h3>\n<p>Die Autorin \u00fcbernimmt keinerlei Gew\u00e4hr hinsichtlich der inhaltlichen Richtigkeit, Genauigkeit, Aktualit\u00e4t, Zuverl\u00e4ssigkeit und Vollst\u00e4ndigkeit der Informationen. Haftungsanspr\u00fcche gegen die Autorin, Jacqueline Erb, wegen Sch\u00e4den materieller oder immaterieller Art, welche aus dem Zugriff oder der Nutzung bzw. Nichtnutzung der ver\u00f6ffentlichten Informationen, durch Missbrauch der Verbindung oder durch technische St\u00f6rungen entstanden sind, werden ausgeschlossen. Alle Angebote sind unverbindlich. Die Autorin beh\u00e4lt es sich ausdr\u00fccklich vor, Teile der Seiten oder das gesamte Angebot ohne gesonderte Ank\u00fcndigung zu ver\u00e4ndern, zu erg\u00e4nzen, zu l\u00f6schen oder die Ver\u00f6ffentlichung zeitweise oder endg\u00fcltig einzustellen.<\/p>\n<p>&nbsp;<\/p>\n<h3><strong>Haftung f\u00fcr Links<\/strong><\/h3>\n<p>Verweise und Links auf Webseiten Dritter liegen ausserhalb unseres Verantwortungsbereichs Es wird jegliche Verantwortung f\u00fcr solche Webseiten abgelehnt. Der Zugriff und die Nutzung solcher Webseiten erfolgen auf eigene Gefahr des Nutzers oder der Nutzerin.<\/p>\n<p>&nbsp;<\/p>\n<h3><strong>Anwendbares Recht und Gerichtsstand<\/strong><\/h3>\n<p>F\u00fcr s\u00e4mtliche allf\u00e4llige Streitigkeiten zwischen Ihnen und als Besucher und Nutzer der \u00abthe fine Art of Hypnosis\u00bb Webseiten und Jacqueline Erb, welche aus dem Betrieb bzw. Besuch der \u00abthe fine Art of Hypnosis\u00bb Webseiten herr\u00fchren, sind ausschliesslich die Gerichte am Sitz von \u00abErb Kommunikation\u00bb (\u00abthe fine Art of Hypnosis\u00bb) in Basel Stadt zust\u00e4ndig. Anwendbar ist ausschliesslich Schweizer Recht<\/p>\n<p>&nbsp;<\/p>\n<h3><strong>Urheberrechte<\/strong><\/h3>\n<p>Die Urheber- und alle anderen Rechte an Inhalten, Bildern, Fotos oder anderen Dateien auf der Website geh\u00f6ren ausschliesslich dem Unternehmen Erb Kommunikation, Jacqueline Erb oder den speziell genannten Rechtsinhabern. F\u00fcr die Reproduktion jeglicher Elemente ist die schriftliche Zustimmung der Urheberrechtstr\u00e4ger im Voraus einzuholen.[\/vc_column_text]\t\t<\/div>\n\t<\/div>\n<\/div><\/div>[\/vc_column][\/vc_row][vc_row][vc_column][\/vc_column][\/vc_row]<\/p>\n<\/div>","protected":false},"excerpt":{"rendered":"<p>[vc_row content_placement=&#8221;middle&#8221; css=&#8221;.vc_custom_1634283821612{padding-top: 20px !important;padding-bottom: 40px !important;}&#8221;][vc_column][\/vc_column][\/vc_row][vc_row][vc_column width=&#8221;1\/2&#8243;][\/vc_column][vc_column width=&#8221;1\/2&#8243;][\/vc_column][\/vc_row][vc_row css=&#8221;.vc_custom_1634283840223{padding-top: 50px !important;padding-bottom: 50px !important;}&#8221;][vc_column][\/vc_column][\/vc_row][vc_row][vc_column][\/vc_column][\/vc_row]<\/p>\n","protected":false},"author":2,"featured_media":0,"parent":0,"menu_order":0,"comment_status":"closed","ping_status":"closed","template":"","meta":{"footnotes":""},"class_list":["post-4444","page","type-page","status-publish","hentry"],"_links":{"self":[{"href":"https:\/\/www.the-fine-art-of-hypnosis.ch\/en\/wp-json\/wp\/v2\/pages\/4444","targetHints":{"allow":["GET"]}}],"collection":[{"href":"https:\/\/www.the-fine-art-of-hypnosis.ch\/en\/wp-json\/wp\/v2\/pages"}],"about":[{"href":"https:\/\/www.the-fine-art-of-hypnosis.ch\/en\/wp-json\/wp\/v2\/types\/page"}],"author":[{"embeddable":true,"href":"https:\/\/www.the-fine-art-of-hypnosis.ch\/en\/wp-json\/wp\/v2\/users\/2"}],"replies":[{"embeddable":true,"href":"https:\/\/www.the-fine-art-of-hypnosis.ch\/en\/wp-json\/wp\/v2\/comments?post=4444"}],"version-history":[{"count":22,"href":"https:\/\/www.the-fine-art-of-hypnosis.ch\/en\/wp-json\/wp\/v2\/pages\/4444\/revisions"}],"predecessor-version":[{"id":7122,"href":"https:\/\/www.the-fine-art-of-hypnosis.ch\/en\/wp-json\/wp\/v2\/pages\/4444\/revisions\/7122"}],"wp:attachment":[{"href":"https:\/\/www.the-fine-art-of-hypnosis.ch\/en\/wp-json\/wp\/v2\/media?parent=4444"}],"curies":[{"name":"wp","href":"https:\/\/api.w.org\/{rel}","templated":true}]}}